{"id":651,"date":"2019-04-02T11:37:02","date_gmt":"2019-04-02T11:37:02","guid":{"rendered":"http:\/\/silknow.org\/?page_id=651"},"modified":"2021-09-07T09:10:38","modified_gmt":"2021-09-07T07:10:38","slug":"conferences","status":"publish","type":"page","link":"https:\/\/silknow.eu\/index.php\/conferences\/","title":{"rendered":"Conferences &#038; Events"},"content":{"rendered":"\n<div class=\"wp-block-image\"><figure class=\"alignright is-resized\"><img loading=\"lazy\" decoding=\"async\" src=\"http:\/\/silknow.org\/wp-content\/uploads\/Imagen-1-copia.png\" alt=\"\" class=\"wp-image-660\" width=\"416\" height=\"233\" srcset=\"https:\/\/silknow.eu\/wp-content\/uploads\/Imagen-1-copia.png 719w, https:\/\/silknow.eu\/wp-content\/uploads\/Imagen-1-copia-300x169.png 300w\" sizes=\"auto, (max-width: 416px) 100vw, 416px\" \/><\/figure><\/div>\n\n\n\n<p>SILKNOW has\nbeing part of several events and conferences in order to disseminate the\nproject.&nbsp; Here is a list of those events\nthat we have attended:<\/p>\n\n\n\n<ul class=\"wp-block-list\"><li><a rel=\"noreferrer noopener\" href=\"http:\/\/voila2021.visualdataweb.org\/\" target=\"_blank\">6th International Workshop on Visualization and Interaction for Ontologies and Linked Data (VOILA) colocated with ISWC.<\/a><a rel=\"noreferrer noopener\" href=\"https:\/\/humanistica2021.sciencesconf.org\/\" target=\"_blank\"> <\/a>October 2021, Online<\/li><li><a rel=\"noreferrer noopener\" href=\"https:\/\/sumac-workshops.github.io\/2021\/\" target=\"_blank\">3rd workshop on Structuring and Understanding of Multimedia heritAge Contents (SUMAC)<\/a>. October 2021, Online<\/li><li><a rel=\"noreferrer noopener\" href=\"http:\/\/2021.ldk-conf.org\/\" target=\"_blank\">3rd Conference on Language, Data and Knowledge (LDK)<\/a>, Zaragoza, Spain.<\/li><li><a rel=\"noreferrer noopener\" href=\"https:\/\/humanistica2021.sciencesconf.org\/\" target=\"_blank\">Humanistica 2021<\/a>, Rennes, France<\/li><li><a rel=\"noreferrer noopener\" href=\"https:\/\/nlposs.github.io\/2020\/\" target=\"_blank\">2nd International Workshop for Natural Language Processing Open Source Software (NLP-OSS)<\/a>, Online<\/li><li><a rel=\"noreferrer noopener\" href=\"https:\/\/poincare.univ-lorraine.fr\/fr\/manifestations\/humanites-numeriques-et-web-semantique\" target=\"_blank\">Humanit\u00e9s Num\u00e9riques et Web s\u00e9mantique<\/a>, Nancy, France.<\/li><li><a rel=\"noreferrer noopener\" href=\"https:\/\/www.icomos.es\/simposio-anual\/\" target=\"_blank\">I Simposio anual de Patrimonio Natural y Cultural ICOMOS Espa\u00f1a. <\/a>Madrid, Spain<\/li><li><a rel=\"noreferrer noopener\" href=\"http:\/\/encuentrosmuseologia.uma.es\/\" target=\"_blank\">I Encuentro de Museolog\u00eda: Sobre museograf\u00edas imposibles<\/a>. M\u00e1laga, Spain.<\/li><li><a rel=\"noreferrer noopener\" href=\"https:\/\/eventos.uclm.es\/24964\/detail\/iv-congreso-internacional-de-la-asociacion-de-humanidades-digitales-hispanicas.html\" target=\"_blank\">IV Congreso Internacional de la Asociaci\u00f3n de Humanidades Digitales Hisp\u00e1nicas.<\/a> Toledo, Spain<\/li><li><a rel=\"noreferrer noopener\" href=\"http:\/\/2019.dhbenelux.org\/\" target=\"_blank\">DH Benelux<\/a>. Li\u00e8ge, Belgium<\/li><li><a rel=\"noreferrer noopener\" href=\"http:\/\/www.cipa2019.org\/\" target=\"_blank\">CIPA Symposium<\/a>. Avila, Spain<\/li><li>18th International Semantic Web Conference, Auckland, New Zealand.<\/li><li><a rel=\"noreferrer noopener\" href=\"https:\/\/dh2019.adho.org\/\" target=\"_blank\">DH2019<\/a>. Utrecht, Netherlands. <\/li><li><a rel=\"noreferrer noopener\" href=\"https:\/\/www.iccs-meeting.org\/iccs2019\/\" target=\"_blank\">INTERNATIONAL CONFERENCE ON COMPUTATIONAL SCIENCE<\/a>. Faro, Portugal<\/li><li><a rel=\"noreferrer noopener\" aria-label=\"DARIAH Annual Event (abre en una nueva pesta\u00f1a)\" href=\"https:\/\/dariah-ae-2019.sciencesconf.org\/\" target=\"_blank\">DARIAH Annual Event<\/a>. DARIAH  (The Digital Research Infrastructure for the Arts and Humanities), Poland.<\/li><li><a rel=\"noreferrer noopener\" aria-label=\"International Conference on Computational Science (abre en una nueva pesta\u00f1a)\" href=\"https:\/\/www.iccs-meeting.org\/iccs2019\/\" target=\"_blank\">International Conference on Computational Science<\/a>. UAlg, U.Amsterdam, U.Tenesee, Nanyang Tecn.Uni., Portugal.<\/li><li><a rel=\"noreferrer noopener\" aria-label=\"EURECOM Scientific Council (abre en una nueva pesta\u00f1a)\" href=\"http:\/\/www.eurecom.fr\/en\/eurecom\/organization\/administration-committies\" target=\"_blank\">EURECOM Scientific Council<\/a>. EURECOM, France.<\/li><li><a rel=\"noreferrer noopener\" aria-label=\"XIth European symposium on religious art, restoration &amp; conservation (abre en una nueva pesta\u00f1a)\" href=\"https:\/\/www.uv.es\/esrarc2019\/\" target=\"_blank\">XIth European symposium on religious art, restoration &amp; conservation<\/a>. Universitat de Val\u00e8ncia, Spain<\/li><li><a rel=\"noreferrer noopener\" aria-label=\"3rd Data for History workshop (abre en una nueva pesta\u00f1a)\" href=\"http:\/\/dataforhistory.org\/3rd-data-for-history\" target=\"_blank\">3rd Data for History workshop<\/a>. Leipzig University of Applied Sciences, Germany<\/li><li><a rel=\"noreferrer noopener\" aria-label=\"TechnoHeritage (abre en una nueva pesta\u00f1a)\" href=\"http:\/\/gestioneventos.us.es\/event_detail\/18082\/detail\/iv-international-congress-science-and-technology-for-the-conservation-of-cultural-heritage.html\" target=\"_blank\">TechnoHeritage<\/a>.  Universidad de Sevilla,  Spain<\/li><li><a rel=\"noreferrer noopener\" aria-label=\" (abre en una nueva pesta\u00f1a)\" href=\"https:\/\/boku.ac.at\/rali\/ivfl\/veranstaltungen\/dreilaendertagung-ovg-dgpf-sgpf-2019\/\" target=\"_blank\">Annual Scientific Meeting of the German Society of Photogrammetry, Remote Sensing and Geoinformation<\/a>. German Society of Photogrammetry, Remote Sensing and Geoinformation, Austria<\/li><li> <a rel=\"noreferrer noopener\" aria-label=\"Oportunidades a la financiaci\u00f3n de las industrias culturales y creativas (abre en una nueva pesta\u00f1a)\" href=\"http:\/\/ametic.es\/es\/evento\/jornada-oportunidades-la-financiacion-de-las-industrias-culturales-y-creativas-iccs\" target=\"_blank\">Oportunidades a la financiaci\u00f3n de las industrias culturales y creativas<\/a>. AMETIC (Asociaci\u00f3n de Empresas de Electr\u00f3nica, Tecnolog\u00edas de la Informaci\u00f3n, Telecomunicaciones y Contenidos Digitales), Spain<\/li><li> <a href=\"https:\/\/ec.europa.eu\/digital-single-market\/en\/events\/ict-2018-imagine-digital-connect-europe\">ICT 2018: Imagine Digital &#8211; Connect Europe<\/a>. DG Connect &#8211; European Commission, Austria<\/li><li><a rel=\"noreferrer noopener\" aria-label=\"International Conference on Regional Science (abre en una nueva pesta\u00f1a)\" href=\"https:\/\/ersa.org\/events\/the-xliv-international-conference-on-regional-science\/\" target=\"_blank\">International Conference on Regional Science<\/a>. The European Regional Science Association (ERSA), Spain <\/li><li> <a rel=\"noreferrer noopener\" aria-label=\"Fair of European Innovators in Cultural Heritage (abre en una nueva pesta\u00f1a)\" href=\"https:\/\/www.eac-events.eu\/ehome\/fairofeuropeaninnovatorsinculturalheritage\/home\/\" target=\"_blank\">Fair of European Innovators in Cultural Heritage<\/a>. European Commission, Brussels<\/li><li><a rel=\"noreferrer noopener\" aria-label=\"WORKSHOP. Common challenges and perspectives for Digital Cultural Heritage in H2020 projects. Building on lessons learnt and strengthening the societal impact (abre en una nueva pesta\u00f1a)\" href=\"https:\/\/ec.europa.eu\/digital-single-market\/en\/news\/common-challenges-and-perspectives-digital-cultural-heritage-h2020-projects\" target=\"_blank\">WORKSHOP. Common challenges and perspectives for Digital Cultural Heritage in H2020 projects. Building on lessons learnt and strengthening the societal impact<\/a>. European Commission, Brussels<\/li><li> <a rel=\"noreferrer noopener\" aria-label=\"Arte y producci\u00f3n textil en el Mediterr\u00e1neo medieval. (abre en una nueva pesta\u00f1a)\" href=\"https:\/\/www.ucm.es\/manufacturastextilesandalusies\/congreso\" target=\"_blank\">Arte y producci\u00f3n textil en el Mediterr\u00e1neo medieval.<\/a> Museo del Traje, Spain<\/li><li> <a rel=\"noreferrer noopener\" aria-label=\"Actualizaci\u00f3n sobre H2020 y programas europeos de I+D+1. Oportunidades para la investigaci\u00f3n y la innovaci\u00f3n (abre en una nueva pesta\u00f1a)\" href=\"https:\/\/www.uv.es\/uvweb\/universidad\/es\/agenda-uv\/curso-actualizacion-h2020-programas-europeos-i-1285851282125\/Esdeveniment.html?id=1286045114184\" target=\"_blank\">Actualizaci\u00f3n sobre H2020 y programas europeos de I+D+1. Oportunidades para la investigaci\u00f3n y la innovaci\u00f3n<\/a>. Universtitat de Val\u00e8ncia, Spain<\/li><li> <a rel=\"noreferrer noopener\" aria-label=\"Mode et v\u00eatements dans les mus\u00e9es europ\u00e9ens (abre en una nueva pesta\u00f1a)\" href=\"https:\/\/acorso.hypotheses.org\/files\/2017\/10\/ACORSO-SymposiumCFP-DressTextileCollection_2017.12.19.pdf\" target=\"_blank\">Mode et v\u00eatements dans les mus\u00e9es europ\u00e9ens<\/a>. Universit\u00e9 Rennes 2, France<\/li><li><a rel=\"noreferrer noopener\" aria-label=\" Europeana Tech Conference 2018 (abre en una nueva pesta\u00f1a)\" href=\"https:\/\/pro.europeana.eu\/event\/europeanatech-conference-2018\" target=\"_blank\"> Europeana Tech Conference 2018<\/a>. Europeana,The Netherlands<\/li><li> <a rel=\"noreferrer noopener\" aria-label=\"SILKNOW. Presentazione del Progetto (abre en una nueva pesta\u00f1a)\" href=\"https:\/\/www.unipa.it\/dipartimenti\/cultureesocieta\/Presentazione-del-progetto-Silknow---Weaving-the-past-into-future\/\" target=\"_blank\">SILKNOW. Presentazione del Progetto<\/a>. UNIPA, Italy<\/li><li><a rel=\"noreferrer noopener\" aria-label=\" Digital Humanities Colloquium (abre en una nueva pesta\u00f1a)\" href=\"https:\/\/rcc.harvard.edu\/event\/digital-humanities-colloquium-roads-routes-and-networks-projects-visualization-art\" target=\"_blank\"> Digital Humanities Colloquium<\/a>. Real Colegio Complutense at Harvard University, United States<\/li><li> <a rel=\"noreferrer noopener\" aria-label=\"Jornada &quot;Els temps de la seda! M (abre en una nueva pesta\u00f1a)\" href=\"http:\/\/www.mcu.es\/cultura20\/web\/guest\/agenda\/cultural\/mcu\/listado\/detalle?p_p_id=MCU_AGENDA_13&amp;p_p_lifecycle=0&amp;p_p_state=normal&amp;p_p_mode=view&amp;p_p_col_id=column-2&amp;p_p_col_pos=1&amp;p_p_col_count=2&amp;p_r_p_564233524_event=1085156\" target=\"_blank\">Jornada &#8220;Els temps de la seda! <\/a>Museo Nacional Gonz\u00e1lez Mart\u00ed, Spain<\/li><\/ul>\n\n\n\n<p><\/p>\n","protected":false},"excerpt":{"rendered":"<p>SILKNOW has being part of several events and conferences in order to disseminate the project.&nbsp; Here is a list of those events that we have attended: 6th International Workshop on Visualization and Interaction for Ontologies and Linked Data (VOILA) colocated with ISWC. October 2021, Online 3rd workshop on Structuring and Understanding of Multimedia heritAge Contents&hellip;<\/p>\n<p><a class=\"more-link\" href=\"https:\/\/silknow.eu\/index.php\/conferences\/\" title=\"Continue reading &lsquo;Conferences &#038; Events&rsquo;\">Continue reading <span class=\"meta-nav\">&rarr;<\/span><\/a><\/p>\n","protected":false},"author":2,"featured_media":0,"parent":0,"menu_order":0,"comment_status":"closed","ping_status":"closed","template":"","meta":{"footnotes":""},"class_list":["post-651","page","type-page","status-publish","hentry"],"_links":{"self":[{"href":"https:\/\/silknow.eu\/index.php\/wp-json\/wp\/v2\/pages\/651","targetHints":{"allow":["GET"]}}],"collection":[{"href":"https:\/\/silknow.eu\/index.php\/wp-json\/wp\/v2\/pages"}],"about":[{"href":"https:\/\/silknow.eu\/index.php\/wp-json\/wp\/v2\/types\/page"}],"author":[{"embeddable":true,"href":"https:\/\/silknow.eu\/index.php\/wp-json\/wp\/v2\/users\/2"}],"replies":[{"embeddable":true,"href":"https:\/\/silknow.eu\/index.php\/wp-json\/wp\/v2\/comments?post=651"}],"version-history":[{"count":22,"href":"https:\/\/silknow.eu\/index.php\/wp-json\/wp\/v2\/pages\/651\/revisions"}],"predecessor-version":[{"id":1974,"href":"https:\/\/silknow.eu\/index.php\/wp-json\/wp\/v2\/pages\/651\/revisions\/1974"}],"wp:attachment":[{"href":"https:\/\/silknow.eu\/index.php\/wp-json\/wp\/v2\/media?parent=651"}],"curies":[{"name":"wp","href":"https:\/\/api.w.org\/{rel}","templated":true}]}}