{"id":1448,"date":"2020-12-21T15:52:03","date_gmt":"2020-12-21T14:52:03","guid":{"rendered":"http:\/\/silknow.eu\/?page_id=1448"},"modified":"2020-12-23T11:22:30","modified_gmt":"2020-12-23T10:22:30","slug":"test_es","status":"publish","type":"page","link":"https:\/\/silknow.eu\/index.php\/evaluation\/test_es\/","title":{"rendered":"Virtual Loom &#038; ADASilk- Evaluaci\u00f3n"},"content":{"rendered":"\n<p>\u00a1Gracias por participar en la evaluaci\u00f3n de las herramientas SILKNOW! En esta p\u00e1gina encontrar\u00e1s el manual, las instrucciones y la encuesta del Telar Virtual y de ADASilk. Bonus track si eres un profesional de un museo y nos ayudas a evaluar el tesauro multiling\u00fce. <\/p>\n\n\n\n<p>Ten en cuenta que se tratan de un trabajo en constante progreso, te presentamos la fase beta de nuestras herramientas, \u00a1con tu ayuda podremos mejorarlas!<\/p>\n\n\n\n<div class=\"wp-block-columns is-layout-flex wp-container-core-columns-is-layout-9d6595d7 wp-block-columns-is-layout-flex\">\n<div class=\"wp-block-column is-layout-flow wp-block-column-is-layout-flow\">\n<ul class=\"wp-block-list\"><li><a rel=\"noreferrer noopener\" href=\"http:\/\/silknow.eu\/wp-content\/uploads\/NewADASilk_Manuale_ESP_compressed.pdf\" target=\"_blank\">Virtual Loom Manual<\/a><\/li><li>Instrucciones<\/li><li><a rel=\"noreferrer noopener\" href=\"https:\/\/forms.gle\/oFZbVYGxD1umKqEk9\" target=\"_blank\">Cuestionario<\/a><\/li><li><a rel=\"noreferrer noopener\" href=\"https:\/\/silknow.eu\/virtualLoom-v1.00\/\" target=\"_blank\">Virtual Loom online<\/a><\/li><li>Versi\u00f3n de escritorio: <a rel=\"noreferrer noopener\" href=\"https:\/\/github.com\/silknow\/virtual-loom\/releases\/download\/1.00\/VirtualLoom.dmg\" target=\"_blank\">MAC<\/a> &#8211; <a rel=\"noreferrer noopener\" href=\"https:\/\/github.com\/silknow\/virtual-loom\/releases\/download\/1.00\/VirtualLoom_setup.exe\" target=\"_blank\">WINDOWS<\/a><\/li><\/ul>\n<\/div>\n\n\n\n<div class=\"wp-block-column is-layout-flow wp-block-column-is-layout-flow\">\n<ul class=\"wp-block-list\"><li><a rel=\"noreferrer noopener\" href=\"http:\/\/silknow.eu\/wp-content\/uploads\/NewADASilk_Manuale_ESP_compressed.pdf\" target=\"_blank\">ADASilk Manual<\/a><\/li><li>Instrucciones<\/li><li><a rel=\"noreferrer noopener\" href=\"https:\/\/forms.gle\/KXoYnHVmtLp22iGy6\" target=\"_blank\">Cuestionario<\/a><\/li><li><a rel=\"noreferrer noopener\" href=\"https:\/\/ada.silknow.org\/en\" target=\"_blank\">Abrir ADASilk<\/a><\/li><\/ul>\n<\/div>\n\n\n\n<div class=\"wp-block-column is-layout-flow wp-block-column-is-layout-flow\">\n<ul class=\"wp-block-list\"><li><a href=\"https:\/\/skosmos.silknow.org\/es\/\" target=\"_blank\" rel=\"noreferrer noopener\">Tesauro multiling\u00fce<\/a><\/li><li><a href=\"https:\/\/forms.gle\/PJPhKMZG7fVdiULSA\" target=\"_blank\" rel=\"noreferrer noopener\">Cuestionario<\/a><\/li><\/ul>\n<\/div>\n<\/div>\n\n\n\n<h4 class=\"has-cyan-bluish-gray-background-color has-background wp-block-heading\">Telar Virtual<\/h4>\n\n\n\n<p>Por favor siga las instrucciones en el orden indicado:<\/p>\n\n\n\n<ol class=\"wp-block-list\"><li><a href=\"http:\/\/silknow.eu\/wp-content\/uploads\/Virtual-Loom-Manual_ES_Rev-1_compressed.pdf\" target=\"_blank\" rel=\"noreferrer noopener\">Consulte el manual en l\u00ednea <\/a><\/li><li><a rel=\"noreferrer noopener\" href=\"http:\/\/silknow.eu\/wp-content\/uploads\/13977_0.jpg\" target=\"_blank\">Descargue la imagen de muestra<\/a><\/li><\/ol>\n\n\n\n<figure class=\"wp-block-image size-large is-resized\"><img loading=\"lazy\" decoding=\"async\" src=\"https:\/\/silknow.eu\/wp-content\/uploads\/image-1024x693.jpeg\" alt=\"\" class=\"wp-image-1474\" width=\"256\" height=\"173\" srcset=\"https:\/\/silknow.eu\/wp-content\/uploads\/image-1024x693.jpeg 1024w, https:\/\/silknow.eu\/wp-content\/uploads\/image-300x203.jpeg 300w, https:\/\/silknow.eu\/wp-content\/uploads\/image-768x520.jpeg 768w, https:\/\/silknow.eu\/wp-content\/uploads\/image.jpeg 1417w\" sizes=\"auto, (max-width: 256px) 100vw, 256px\" \/><\/figure>\n\n\n\n<ol class=\"wp-block-list\" start=\"3\"><li>Descargue el telar virtual (<a rel=\"noreferrer noopener\" href=\"https:\/\/github.com\/silknow\/virtual-loom\/releases\" target=\"_blank\">versi\u00f3n de escritorio<\/a>) tal y como se explica en el <a rel=\"noreferrer noopener\" href=\"http:\/\/silknow.eu\/wp-content\/uploads\/Virtual-Loom-Manual_ES_Rev-1_compressed.pdf\" target=\"_blank\">manual en l\u00ednea<\/a> <\/li><li>Ejectute el telar virtual (versi\u00f3n de escritorio).&nbsp;<\/li><li>Produzca un modelo 3D  con la t\u00e9cnica damasco  &#8220;damask&#8221; para la imagen que se descarg\u00f3 en el paso 2. Puede aplicar la funci\u00f3n de simetr\u00eda. Tenga en consideraci\u00f3n 2 zonas y utilice los ajustes por defecto.&nbsp;<\/li><\/ol>\n\n\n\n<figure class=\"wp-block-image is-resized\"><img loading=\"lazy\" decoding=\"async\" src=\"https:\/\/lh6.googleusercontent.com\/jyrVzlf8vIDYw7IpZZ7ImRrPmkugUEcOd7ONeFd2sHPJ0f3-zFjEmA_RcdESMXmSx3QcYL77qDqQ0NGbHt0ccn2qz3X9Bobm6xp6nAbW421R_Y0g5AkOtAYMqBSVsFXF6RBmUXqy\" alt=\"\" width=\"400\" height=\"241\"\/><\/figure>\n\n\n\n<figure class=\"wp-block-image is-resized\"><img loading=\"lazy\" decoding=\"async\" src=\"https:\/\/lh5.googleusercontent.com\/Y5lNmdX_2zTXwT2I76YDGUamFKo1iKtDptzRHlHlexYX6HYaodzk8TILtw-klt4RYYrradff_iQGBKzdGOCz5iZJlwnIGeSw-I6msogfTIhx3R4EYt6-A47RDYE8kRcbvnZVjVZt\" alt=\"\" width=\"400\" height=\"241\"\/><\/figure>\n\n\n\n<figure class=\"wp-block-image is-resized\"><img loading=\"lazy\" decoding=\"async\" src=\"https:\/\/lh5.googleusercontent.com\/wf-51pIUIxOn4Jr1l1PYae36kWmUGfYg8suFfGPXsdaQ_OTpuECTxyZk0zrCZ7obvk_6tyx63Dy_hd9XDkbq02Ur2Izzk33A6oCHqcnPwew1Tx2wiUE8Nmu3vO_YeLvVqF18ty-w\" alt=\"\" width=\"400\" height=\"241\"\/><\/figure>\n\n\n\n<figure class=\"wp-block-image is-resized\"><img loading=\"lazy\" decoding=\"async\" src=\"https:\/\/lh6.googleusercontent.com\/_BUyFClSbgLQrdowMWBru8g3AVUWaRAEIX2Rh234TetgayLr_-vxZM9ReEXh0klDd1vtNKJAbey-fm3IcMizUxO_23bUUAzVqcAWx4_mOheUvhLEcz4Y8nB1eY-FF38BvpvB6AmP\" alt=\"\" width=\"400\" height=\"241\"\/><\/figure>\n\n\n\n<ol class=\"wp-block-list\" start=\"6\"><li>Vaya a \u201cProcesamiento de imagen\u201d y cambie la t\u00e9cnica a &#8220;espol\u00edn&#8221;. Tenga en consideraci\u00f3n 4 zonas y utilice los ajustes por defecto y produzca un modelo 3D.<\/li><\/ol>\n\n\n\n<figure class=\"wp-block-image size-large is-resized\"><img loading=\"lazy\" decoding=\"async\" src=\"https:\/\/silknow.eu\/wp-content\/uploads\/Imagen-1.png\" alt=\"\" class=\"wp-image-1503\" width=\"396\" height=\"238\" srcset=\"https:\/\/silknow.eu\/wp-content\/uploads\/Imagen-1.png 633w, https:\/\/silknow.eu\/wp-content\/uploads\/Imagen-1-300x181.png 300w\" sizes=\"auto, (max-width: 396px) 100vw, 396px\" \/><\/figure>\n\n\n\n<figure class=\"wp-block-image is-resized\"><img loading=\"lazy\" decoding=\"async\" src=\"https:\/\/lh4.googleusercontent.com\/19-Dwbdjzm9MWL7U1OJI-bC4BuijvmuGI5YJWG99NCG5UunU4PmQPZZZFZl4HZp1_VeNL_einuSrD-48IqV6OmfrkjGDFqdCIbCrtau1fcNJLiNDy0G__C4nSQhdIWx0AYaEtipm\" alt=\"\" width=\"400\" height=\"241\"\/><\/figure>\n\n\n\n<figure class=\"wp-block-image is-resized\"><img loading=\"lazy\" decoding=\"async\" src=\"https:\/\/lh6.googleusercontent.com\/RSolPvRnjoQ9OcaNaAP4QaaNfjCBiWv6TURxG6ieVE6x_JxvIKyXdMNaD2FnCfbKWIG_wLqVhIqLeMGEShuXhHfVqem9FRFk9zR3ROffvNH2Fn_zFJsAt-_afogF7wppe_LGdsDm\" alt=\"\" width=\"400\" height=\"241\"\/><\/figure>\n\n\n\n<ol class=\"wp-block-list\" start=\"7\"><li>Exporte el espol\u00edn producido en un archivo STL. Lo puede guardar en su ordenador<\/li><\/ol>\n\n\n\n<ol class=\"wp-block-list\" start=\"8\"><li><a href=\"http:\/\/silknow.eu\/wp-content\/uploads\/O100633_0.jpg\" target=\"_blank\" rel=\"noreferrer noopener\">Descargue la otra imagen de muestra <\/a><\/li><\/ol>\n\n\n\n<figure class=\"wp-block-image is-resized\"><img loading=\"lazy\" decoding=\"async\" src=\"https:\/\/lh3.googleusercontent.com\/hd-FYD7ZbL_TeEjFISZAXC_yC2jj5H1_EiwjvyIc-zwG6pxSpN5pvHtdX-iLUAsPvjkCqeDZEi3b1WnjTRKlr3pOaxbVYPat3uY9jarjhdGlcKlhu-Hrd1HH1jZMnB6J5HkKNy3e\" alt=\"\" width=\"161\" height=\"192\"\/><\/figure>\n\n\n\n<ol class=\"wp-block-list\" start=\"9\"><li>Produzca un modelo3D model con la t\u00e9cnia &#8220;damasco&#8221; para la imagen que se desacarg\u00f3 en el paso 8. Tenga en consideraci\u00f3n dos zonas. Cambie los colores del fondo, de la parte pict\u00f3rica y el ligamento. <\/li><\/ol>\n\n\n\n<figure class=\"wp-block-image is-resized\"><img loading=\"lazy\" decoding=\"async\" src=\"https:\/\/lh6.googleusercontent.com\/s0YZcdCyVuy1zBCilBjTjexZkXoKmOqRyiNjCgUYtE4esyhoYmQxoRtapddbsazGygGSZfusC8EOylk1RAmeIZIOI25kFLXsGrSxgWqBxWOMwj7ca5P34aNxrXMg3aQXFmPyidcr\" alt=\"\" width=\"359\" height=\"216\"\/><\/figure>\n\n\n\n<figure class=\"wp-block-image is-resized\"><img loading=\"lazy\" decoding=\"async\" src=\"https:\/\/lh5.googleusercontent.com\/hVU-QBZVE0uHm-vW01hSWZfd-Qi_Tm8c91qASwgpjbpACjqNiHKyU6l_tF9pVyxXhxHDSh43J5EKmSp46blX_yNOaBB-SPsr4ZfrKlKRUHRCPo03G1AYoXB8ghMPLu4zaJU8G9ON\" alt=\"\" width=\"361\" height=\"218\"\/><\/figure>\n\n\n\n<figure class=\"wp-block-image is-resized\"><img loading=\"lazy\" decoding=\"async\" src=\"https:\/\/lh6.googleusercontent.com\/c3yObBFv9xZOYBd4A_2WlZkI9VVr3Yt-4qTQ-GqIZ-miDt-KzDVmt03nGJ5EZC306UjrN-gfYUokAdH1fwoBN7o_VCwEwRmMBchqRlTvuCR5mS6tb5NlOYo6_wImQ2iOHVwIPnKA\" alt=\"\" width=\"364\" height=\"219\"\/><\/figure>\n\n\n\n<figure class=\"wp-block-image is-resized\"><img loading=\"lazy\" decoding=\"async\" src=\"https:\/\/lh3.googleusercontent.com\/8BXPZ403-BGMOgQM2PLOE9TbPut28AmNT1buMLVb4jGBbw7qk4eXxhn2g0lFNn3DJ33mvbfFMs1BBhHmHK_In9YBkR8rY_8MZMDxV98YIWWtBROmIwQ9obGLekbqYZPgyOmk0qrj\" alt=\"\" width=\"368\" height=\"222\"\/><\/figure>\n\n\n\n<ol class=\"wp-block-list\" start=\"10\"><li>Rote el modelo 180\u00ba. Puede realizar otras rotaciones para inspeccionar mejor el modelo.<\/li><\/ol>\n\n\n\n<figure class=\"wp-block-image is-resized\"><img loading=\"lazy\" decoding=\"async\" src=\"https:\/\/lh3.googleusercontent.com\/rU9bn4yCBI8mLjLErXlc2RnyEM7LTKDIiNCm1MUaPwv-cjnx1huHeEmUUPp8LfhG7q66q5uBaP82k6QlzuNxTk04pe11zwmD-O0b2xay1y064JsBebpfOblWd92Wp2HobEt54uUr\" alt=\"\" width=\"342\" height=\"206\"\/><\/figure>\n\n\n\n<figure class=\"wp-block-image is-resized\"><img loading=\"lazy\" decoding=\"async\" src=\"https:\/\/lh4.googleusercontent.com\/KMCjfrgZNe404IYyQXOOJ2pSgSdGJGp3vaU-IkprCVSgrNyzc7pGhONhyf5B6T1TWZ8A754UtxfGtTtjrcqV4wTzgXU8GB0Y_vm3UEa5bluKoo64jA_XkIKphiWeJtlqMfwZcvdw\" alt=\"\" width=\"349\" height=\"210\"\/><\/figure>\n\n\n\n<figure class=\"wp-block-image is-resized\"><img loading=\"lazy\" decoding=\"async\" src=\"https:\/\/lh6.googleusercontent.com\/XlqNFkcuehVePkmqYZZSfMqBHLQByxwc3Wcbj8d3lOaPjQ4pqwvxOX857l4sGDHaL3fSlm58P5eKry5fUrozFYuphK4CzBoUXx8u-ErHAumtLjSlJk7c4ym_ydoJ9WGpYhKbqjjP\" alt=\"\" width=\"350\" height=\"211\"\/><\/figure>\n\n\n\n<ol class=\"wp-block-list\" start=\"11\"><li>Explora el modelo 3D producido cambiando su resoluci\u00f3n. D\u00e9jelo en &#8220;alta&#8221;<\/li><\/ol>\n\n\n\n<figure class=\"wp-block-image is-resized\"><img loading=\"lazy\" decoding=\"async\" src=\"https:\/\/lh4.googleusercontent.com\/7a94C58TP6XCE4EMenGKBMd7sJ8s3GqCmBg0qRbWGyM11JGoIVF9V4Dpk-NxXagu_q6K89TtRM7yOyMCdL36hTMkIUDdADNYvFHIokx4z34xUMIhM07tYaPUw0_OshCn12lQAN0O\" alt=\"\" width=\"355\" height=\"214\"\/><\/figure>\n\n\n\n<figure class=\"wp-block-image is-resized\"><img loading=\"lazy\" decoding=\"async\" src=\"https:\/\/lh3.googleusercontent.com\/v6CbbuHG5xcqZWfnO_LdNfWyApGth-UzvLUUWkAXmDliNvH5Jo4dA52PCPuGREPW0nPn4c6rwgOlOympcKylTybEBOqOBJ_pNbiRhk-LwEFoBkxbMM_usTk6F0wXno2ZxoyS5c24\" alt=\"\" width=\"359\" height=\"216\"\/><\/figure>\n\n\n\n<figure class=\"wp-block-image is-resized\"><img loading=\"lazy\" decoding=\"async\" src=\"https:\/\/lh3.googleusercontent.com\/YErsoKVXSzHMWgeb1C-slWzXaucP6U-9Rc-mf0SpnvZKhTssXCBbUbu77dtHta5yv_ITKLppZHfZR2h8WcPSU9Qj9Sr3IDqqcuh7cX9Vx2b78VuckAOJdZDAgA3VsRZqxONCIl2A\" alt=\"\" width=\"360\" height=\"217\"\/><\/figure>\n\n\n\n<ol class=\"wp-block-list\" start=\"12\"><li>Exporta el resultado en formato STL. Puede almacenarlo en su ordenador.<\/li><\/ol>\n\n\n\n<ol class=\"wp-block-list\" start=\"13\"><li>TAREA: Suponga que desea utilizar una imagen (cualquier tipo de imagen) para producir una representaci\u00f3n similar a un tejido. Puedes seleccionar una imagen que tenga en su ordenador, buscar una imagen en la web, o incluso explorar ADASilk para seleccionar una imagen. Use el telar virtual para producir una representaci\u00f3n 3D de un objeto, cambie la resoluci\u00f3n para comparar los resultados. Explore qu\u00e9 t\u00e9cnica y cu\u00e1ntos colores son \u00f3ptimos para su caso, y produzca un modelo 3D.<\/li><\/ol>\n\n\n\n<ol class=\"wp-block-list\" start=\"14\"><li>Una vez finalizado rellene el <a rel=\"noreferrer noopener\" href=\"https:\/\/forms.gle\/oFZbVYGxD1umKqEk9\" target=\"_blank\">cuestionario en l\u00ednea<\/a>.<\/li><\/ol>\n\n\n\n<h4 class=\"has-cyan-bluish-gray-background-color has-background wp-block-heading\">ADASilk<\/h4>\n\n\n\n<p>Por favor, siga los siguientes pasos en el orden indicado:<\/p>\n\n\n\n<ol class=\"wp-block-list\"><li>Revise el <a href=\"http:\/\/silknow.eu\/wp-content\/uploads\/NewADASilk_Manuale_ESP_compressed.pdf\" target=\"_blank\" rel=\"noreferrer noopener\">manual en l\u00ednea <\/a><\/li><\/ol>\n\n\n\n<ol class=\"wp-block-list\" start=\"2\"><li>Acceda a ADASilk: <a href=\"https:\/\/ada.silknow.org\/en\">https:\/\/ada.silknow.org\/<\/a>&nbsp;<\/li><\/ol>\n\n\n\n<figure class=\"wp-block-image is-resized\"><img loading=\"lazy\" decoding=\"async\" src=\"https:\/\/lh5.googleusercontent.com\/4CDWGJF4X0bvtQW8HysmxTlJiZb8C0Drxx8I4IZduqeRepwhPKsCmtXfDW1-59ZcOQPyVOzYqapXcMvxvyLe1fxNDxp4k6HHPXuytx-XcsaE2PGqkF51a5ghH-7DmD3iv_5SF3Jl\" alt=\"\" width=\"400\" height=\"230\"\/><\/figure>\n\n\n\n<ol class=\"wp-block-list\" start=\"3\"><li>Clique en OBJECTS<\/li><\/ol>\n\n\n\n<figure class=\"wp-block-image is-resized\"><img loading=\"lazy\" decoding=\"async\" src=\"https:\/\/lh4.googleusercontent.com\/giogYBWH5orbTVZkPqSzpd0wUpI9BcfATYWOtDWmpa2oOIJr0Wl-e7_fYkPHC3fAEn9iFQGJL1EqkWVhH60Cxpw6v3B0FC44OTCrxrGis6hnRqKwH18tqcMEVmvyCbaXrR9uY6qy\" alt=\"\" width=\"400\" height=\"230\"\/><\/figure>\n\n\n\n<ol class=\"wp-block-list\" start=\"4\"><li>Busque &#8220;Damask&#8221; en la barra principal  \u201cText Search\u201d<\/li><\/ol>\n\n\n\n<figure class=\"wp-block-image is-resized\"><img loading=\"lazy\" decoding=\"async\" src=\"https:\/\/lh4.googleusercontent.com\/U-R19d15gkyyCHWj5Ut_aXcPf4ZWIU2e-tJy7tfKxH6ur49CvJMSve_5moC32ceXOPTRXe8kV1Fni4nX8-JYUPkPSK5EB00M8aeWZuceD6oyddv4Ez5TkjOXVvkBBgSeS13CoH-K\" alt=\"\" width=\"400\" height=\"230\"\/><\/figure>\n\n\n\n<ol class=\"wp-block-list\" start=\"5\"><li>Filtre los resultados usando \u201cProduction Time\u201d y  \u201ceighteenth century\u201d<\/li><\/ol>\n\n\n\n<figure class=\"wp-block-image is-resized\"><img loading=\"lazy\" decoding=\"async\" src=\"https:\/\/lh6.googleusercontent.com\/MNexVuiUsTgBKqkZPXMx35Smg_hYe8Dl-Gr4niWwHgQkAqf73YKHuEP0Oa1Yj-dDlFyBbYQfe0Sc4yMD6VVUdj56d2WBU1np-JCvXsoFvRzs0veVK8Dh5a9gHj5dbhAPV1DY4-_V\" alt=\"\" width=\"400\" height=\"230\"\/><\/figure>\n\n\n\n<ol class=\"wp-block-list\" start=\"6\"><li>Filtre a\u00fan m\u00e1s aplicando \u201cType of Objects\u201d y seleccione \u201cfabrics\u201d<\/li><\/ol>\n\n\n\n<figure class=\"wp-block-image is-resized\"><img loading=\"lazy\" decoding=\"async\" src=\"https:\/\/lh5.googleusercontent.com\/1rYgvg7r4SyiSU9HrL32_TJpqqtcPSGI1vOhyfY5IFpe2rusgn_COIuBX6sPGTucnyhAyWgDSyl433kE1I5TXfZOMzeL_K9dHSPAueQPr5LGazjiB7Bt4tBq_0e602TKSlWs1mn_\" alt=\"\" width=\"400\" height=\"230\"\/><\/figure>\n\n\n\n<ol class=\"wp-block-list\" start=\"7\"><li>Seleccione el objeto que prefiera<\/li><\/ol>\n\n\n\n<figure class=\"wp-block-image is-resized\"><img loading=\"lazy\" decoding=\"async\" src=\"https:\/\/lh6.googleusercontent.com\/uKNAKszGPWkAjdbAEidEvyiaQETYk5UZ5HfsdoCMsAnaM6IfzSF6f7YtSba3ZS_Xpzt_S6Ody-7raJNGn2T2qK9opQ5ZYw1Z_bPd6MBDjebSdL3oATea68WmadgDr0R-ZfAlwLjw\" alt=\"\" width=\"400\" height=\"230\"\/><\/figure>\n\n\n\n<ol class=\"wp-block-list\" start=\"8\"><li>Mire la informaci\u00f3n del objeto y haga clic en uno de los enlaces de la derecha<\/li><\/ol>\n\n\n\n<figure class=\"wp-block-image size-large is-resized\"><img loading=\"lazy\" decoding=\"async\" src=\"https:\/\/silknow.eu\/wp-content\/uploads\/recorte.png\" alt=\"\" class=\"wp-image-1489\" width=\"155\" height=\"230\" srcset=\"https:\/\/silknow.eu\/wp-content\/uploads\/recorte.png 270w, https:\/\/silknow.eu\/wp-content\/uploads\/recorte-203x300.png 203w\" sizes=\"auto, (max-width: 155px) 100vw, 155px\" \/><\/figure>\n\n\n\n<ol class=\"wp-block-list\" start=\"9\"><li>Vuelva a la p\u00e1gina anterior, y descargue la imagen<\/li><\/ol>\n\n\n\n<figure class=\"wp-block-image is-resized\"><img loading=\"lazy\" decoding=\"async\" src=\"https:\/\/lh3.googleusercontent.com\/hEuAzwM5lKJtKE86_dCDOQiqSSzg_J3OJaL9ZWO4Y3_6Xel9Cll5SXADY8es-XP06rdBZtExqOmr9VDM4XFrHTjwjQeFMuGLR0QTYfpUUZuWBQU4VAk0OT_PazNWw7SlNGQmt-Fa\" alt=\"\" width=\"400\" height=\"230\"\/><\/figure>\n\n\n\n<ol class=\"wp-block-list\" start=\"10\"><li>Vuelva de nuevo a la p\u00e1gina anterior, la p\u00e1gina principal de ADASilk\/OBJECTS (como en el paso 3). Borre todos los filtros. Filtre por \u201cTechnique&#8221; seleccionando &#8220;Damask&#8221;, y filtre por &#8220;Material&#8221; seleccionando \u201cMetal Thread&#8221;. Deber\u00eda obtener algo similar a:<\/li><\/ol>\n\n\n\n<figure class=\"wp-block-image is-resized\"><img loading=\"lazy\" decoding=\"async\" src=\"https:\/\/lh4.googleusercontent.com\/RdlK4HlZxckFNoC-kqTDXwsKqFVRfjiVXCXVNl7jGzyGwLzwFfpB228PKcc8rYRc9wbdTENgDEgn8YsxkP2q_2w2gD61loKR1RY5-GnULHbBqLBBLGWMUFMEKgS5l8avHh5thS1v\" alt=\"\" width=\"400\" height=\"230\"\/><\/figure>\n\n\n\n<ol class=\"wp-block-list\" start=\"11\"><li>Cambie al mapa. Deber\u00eda ver algo parecido a:<\/li><\/ol>\n\n\n\n<figure class=\"wp-block-image is-resized\"><img loading=\"lazy\" decoding=\"async\" src=\"https:\/\/lh4.googleusercontent.com\/JmzeFARAuykfdGFrEksG5RkKfR3vHwYNmbPvr0b6yZSP4S9Ibdq6A74U6Eu-tYBgYBml1r37FrQ0XoR1KKb9n3wgNM_uZMXWxLZLYALDDJ3vgCr7WZxi0pIfIhW8kRSiEI4izwTg\" alt=\"\" width=\"400\" height=\"230\"\/><\/figure>\n\n\n\n<ol class=\"wp-block-list\" start=\"12\"><li>Haga zoom en el Reino Unido e Irlanda, para ver los objetos resultantes con m\u00e1s detalle. Deber\u00eda ver algo similar a esto:<\/li><\/ol>\n\n\n\n<figure class=\"wp-block-image is-resized\"><img loading=\"lazy\" decoding=\"async\" src=\"https:\/\/lh5.googleusercontent.com\/GE8KIGFAymS1lw_Yxu1uetCIbbJfTWZBLCME9eD0u4Zs-dGC_jmTofKHn5PXPZong37PlxFgEvCtR7tqE_Pvd0KsTGJ5Q9AFAMU131VFwSzA3UBU0YM9oMdc1jjp7R6v8Mk0GGHd\" alt=\"\" width=\"400\" height=\"230\"\/><\/figure>\n\n\n\n<ol class=\"wp-block-list\" start=\"13\"><li>Haga clic en uno de los objetos, para ver las relaciones en forma num\u00e9rica<\/li><\/ol>\n\n\n\n<figure class=\"wp-block-image is-resized\"><img loading=\"lazy\" decoding=\"async\" src=\"https:\/\/lh6.googleusercontent.com\/s3D14TbHkObxZ99_X0ZFXBgqdQZ3LgJ-e47wLjlLp6Nuhazw8DGfXuNvqNmoV-GDL4H5X3831tf0XLwfiaqi4x8pNte0h0A8iNWYlhudMrjcup5OD0Wc5ywN7l8nG8JLcAaUa0iW\" alt=\"\" width=\"400\" height=\"250\"\/><\/figure>\n\n\n\n<ol class=\"wp-block-list\" start=\"14\"><li>Abra los detalles del objeto y selecciona \u201cShow Relationships&#8221; para el TIEMPO. Puede explorar el mapa alejando el zoom. Cuando termine, deseleccione la relaci\u00f3n de TIEMPO.<\/li><\/ol>\n\n\n\n<figure class=\"wp-block-image is-resized\"><img loading=\"lazy\" decoding=\"async\" src=\"https:\/\/lh5.googleusercontent.com\/4LQNnls3V-yGCauTe5aGHCcDiQU9RhkpqfOz2LPQ-IO56yg_Eog2WCxrC8XSezyV5nVSqX1VpWBZoHVGajfBsCxAkhnTzjbavtqVD5vGWxtdlJU0aO9M5FemxBTPlxsxYS24SwSs\" alt=\"\" width=\"400\" height=\"250\"\/><\/figure>\n\n\n\n<figure class=\"wp-block-image is-resized\"><img loading=\"lazy\" decoding=\"async\" src=\"https:\/\/lh5.googleusercontent.com\/fmyPDHSDXJeAPJbj9Rguu-OoUQ_zvfZZ_-AZxg-taz4KLOLIsJL25X3i-WhFjgcL9Qz8-ANqmtzxY_UF6mVytknmei97NyIsEOIlJD9ZW1h1E1cZuSqupUG-faYBqK2FpxAK3CCb\" alt=\"\" width=\"400\" height=\"250\"\/><\/figure>\n\n\n\n<ol class=\"wp-block-list\" start=\"15\"><li>Haga zoom para ver toda Europa<\/li><\/ol>\n\n\n\n<figure class=\"wp-block-image is-resized\"><img loading=\"lazy\" decoding=\"async\" src=\"https:\/\/lh3.googleusercontent.com\/a0YtKdgU50Mx3RADespkV0YaBrd98Z2PJAv66zQtMxvcPdzKq_yZA5KROEDYC494DQ7cU6adHrVfAnl2Ljrdip2vrmhN37xejucxAfqqg64LxrOMJN2_aYH5IG-6O6o_MGC5mzeQ\" alt=\"\" width=\"400\" height=\"250\"\/><\/figure>\n\n\n\n<ol class=\"wp-block-list\" start=\"16\"><li>Vea la evoluci\u00f3n de estos objetos a trav\u00e9s del tiempo<\/li><\/ol>\n\n\n\n<figure class=\"wp-block-image size-large is-resized\"><img loading=\"lazy\" decoding=\"async\" src=\"https:\/\/silknow.eu\/wp-content\/uploads\/mapa-3.png\" alt=\"\" class=\"wp-image-1568\" width=\"396\" height=\"248\" srcset=\"https:\/\/silknow.eu\/wp-content\/uploads\/mapa-3.png 572w, https:\/\/silknow.eu\/wp-content\/uploads\/mapa-3-300x188.png 300w\" sizes=\"auto, (max-width: 396px) 100vw, 396px\" \/><\/figure>\n\n\n\n<figure class=\"wp-block-image is-resized\"><img loading=\"lazy\" decoding=\"async\" src=\"https:\/\/lh6.googleusercontent.com\/cUXpK5Lv8tICuQ3kbp7vwGStR3DX2ffyWQ_6bfsxPDR9FODk8YrdnShgrKdtZi2ira9rwa4IZxdc7T9K6gADePGzSzbPrw059cDZ7bAI6nPF8BGUVAkckcmujMX9xRIKONxYep21\" alt=\"\" width=\"400\" height=\"250\"\/><\/figure>\n\n\n\n<figure class=\"wp-block-image is-resized\"><img loading=\"lazy\" decoding=\"async\" src=\"https:\/\/lh6.googleusercontent.com\/AyVPPopz6xfY-B4WAg5zY-2VT5CVhDU_pVg3Bd_iA53fAlpESWk24GL2r6fvWGGV10r1nRKKybab2yY_hwqVeVx5PrxRubhOhf3AWiEHPz4TlbKZQFV8XRMvmagB8zig7-ApQQrV\" alt=\"\" width=\"400\" height=\"250\"\/><\/figure>\n\n\n\n<figure class=\"wp-block-image is-resized\"><img loading=\"lazy\" decoding=\"async\" src=\"https:\/\/lh4.googleusercontent.com\/PUE2rWUglgykUX-V4Knalpa4p2awgTBG-jDLk7CippxNH5l8_rDF2lGtIRTGytgqp__JS2mPSX27FZjQ7WFk-PL8MruhrR3uwTcXHF5Zti3x_q4gQMgSOxKU65pLGeNC_7lGwA8K\" alt=\"\" width=\"400\" height=\"250\"\/><\/figure>\n\n\n\n<figure class=\"wp-block-image is-resized\"><img loading=\"lazy\" decoding=\"async\" src=\"https:\/\/lh6.googleusercontent.com\/OtB0lSMCwitGjfpTaeOg3Cqprx03Nj4hCTfz3Rd_A-1iuYD0FyaZMIDDExC_rvc3Unm6x6-bcBwu2clPnFBAjtLIfxOBL85JT7D1g1NRqEgezbuoxcVC8fTz_M1zESzRi-LXoAyc\" alt=\"\" width=\"400\" height=\"250\"\/><\/figure>\n\n\n\n<ol class=\"wp-block-list\" start=\"17\"><li>Vea la evoluci\u00f3n de estos objetos en las capas de tiempo<\/li><\/ol>\n\n\n\n<figure class=\"wp-block-image size-large is-resized\"><img loading=\"lazy\" decoding=\"async\" src=\"https:\/\/silknow.eu\/wp-content\/uploads\/map-2-1.png\" alt=\"\" class=\"wp-image-1562\" width=\"409\" height=\"255\" srcset=\"https:\/\/silknow.eu\/wp-content\/uploads\/map-2-1.png 568w, https:\/\/silknow.eu\/wp-content\/uploads\/map-2-1-300x187.png 300w\" sizes=\"auto, (max-width: 409px) 100vw, 409px\" \/><\/figure>\n\n\n\n<figure class=\"wp-block-image is-resized\"><img loading=\"lazy\" decoding=\"async\" src=\"https:\/\/lh4.googleusercontent.com\/evW6mKowp_NUc7WRg96a-VecFbBhMOymy3mo53mokuGPVSwVFlN51IepPPMqADTzcuGjJTcW3Jinh8X-NGwuWTkfDh9V3mMdhSHu1HDJaLxNnH0ItFPv-bjX9I1qqTVEqz5fd7sB\" alt=\"\" width=\"400\" height=\"250\"\/><\/figure>\n\n\n\n<ol class=\"wp-block-list\" start=\"18\"><li>En el mapa, cambie los filtros. Filtre por &#8220;Material&#8221; y seleccionando cualquiera de los filtros<\/li><\/ol>\n\n\n\n<figure class=\"wp-block-image size-large is-resized\"><img loading=\"lazy\" decoding=\"async\" src=\"http:\/\/silknow.eu\/wp-content\/uploads\/map.png\" alt=\"\" class=\"wp-image-1550\" width=\"408\" height=\"255\" srcset=\"https:\/\/silknow.eu\/wp-content\/uploads\/map.png 647w, https:\/\/silknow.eu\/wp-content\/uploads\/map-300x188.png 300w\" sizes=\"auto, (max-width: 408px) 100vw, 408px\" \/><\/figure>\n\n\n\n<ol class=\"wp-block-list\" start=\"19\"><li>Tarea: Entre los motivos decorativos m\u00e1s comunes utilizados en los terciopelos, encontramos patrones florales. Utilice ADASIlk para investigar c\u00f3mo evolucion\u00f3 la decoraci\u00f3n aplicada a este tejido en Italia. Compare los resultados de su investigaci\u00f3n, gu\u00e1rdelos si es necesario (es necesario registrarse), y explore la evoluci\u00f3n temporal de estos terciopelos entre los siglos XV y XX.<\/li><\/ol>\n\n\n\n<p>20. Una vez finalizado rellene el <a rel=\"noreferrer noopener\" href=\"https:\/\/forms.gle\/KXoYnHVmtLp22iGy6\" target=\"_blank\">cuestionario en l\u00ednea.<\/a><\/p>\n\n\n\n<h4 class=\"has-cyan-bluish-gray-background-color has-background wp-block-heading\">Tesauro multiling\u00fce<\/h4>\n\n\n\n<ol class=\"wp-block-list\"><li>Consulte el <a rel=\"noreferrer noopener\" href=\"https:\/\/skosmos.silknow.org\/es\/\" target=\"_blank\">tesauro multiling\u00fce<\/a>.<\/li><li>Rellene el <a href=\"https:\/\/forms.gle\/PJPhKMZG7fVdiULSA\" target=\"_blank\" rel=\"noreferrer noopener\">cuestionario en l\u00ednea<\/a>. <\/li><\/ol>\n\n\n\n<p><\/p>\n","protected":false},"excerpt":{"rendered":"<p>\u00a1Gracias por participar en la evaluaci\u00f3n de las herramientas SILKNOW! En esta p\u00e1gina encontrar\u00e1s el manual, las instrucciones y la encuesta del Telar Virtual y de ADASilk. Bonus track si eres un profesional de un museo y nos ayudas a evaluar el tesauro multiling\u00fce. Ten en cuenta que se tratan de un trabajo en constante&hellip;<\/p>\n<p><a class=\"more-link\" href=\"https:\/\/silknow.eu\/index.php\/evaluation\/test_es\/\" title=\"Continue reading &lsquo;Virtual Loom &#038; ADASilk- Evaluaci\u00f3n&rsquo;\">Continue reading <span class=\"meta-nav\">&rarr;<\/span><\/a><\/p>\n","protected":false},"author":2,"featured_media":0,"parent":1386,"menu_order":0,"comment_status":"closed","ping_status":"closed","template":"","meta":{"footnotes":""},"class_list":["post-1448","page","type-page","status-publish","hentry"],"_links":{"self":[{"href":"https:\/\/silknow.eu\/index.php\/wp-json\/wp\/v2\/pages\/1448","targetHints":{"allow":["GET"]}}],"collection":[{"href":"https:\/\/silknow.eu\/index.php\/wp-json\/wp\/v2\/pages"}],"about":[{"href":"https:\/\/silknow.eu\/index.php\/wp-json\/wp\/v2\/types\/page"}],"author":[{"embeddable":true,"href":"https:\/\/silknow.eu\/index.php\/wp-json\/wp\/v2\/users\/2"}],"replies":[{"embeddable":true,"href":"https:\/\/silknow.eu\/index.php\/wp-json\/wp\/v2\/comments?post=1448"}],"version-history":[{"count":20,"href":"https:\/\/silknow.eu\/index.php\/wp-json\/wp\/v2\/pages\/1448\/revisions"}],"predecessor-version":[{"id":1570,"href":"https:\/\/silknow.eu\/index.php\/wp-json\/wp\/v2\/pages\/1448\/revisions\/1570"}],"up":[{"embeddable":true,"href":"https:\/\/silknow.eu\/index.php\/wp-json\/wp\/v2\/pages\/1386"}],"wp:attachment":[{"href":"https:\/\/silknow.eu\/index.php\/wp-json\/wp\/v2\/media?parent=1448"}],"curies":[{"name":"wp","href":"https:\/\/api.w.org\/{rel}","templated":true}]}}