{"id":11,"date":"2014-07-08T09:00:03","date_gmt":"2014-07-08T09:00:03","guid":{"rendered":"http:\/\/silknow.uv.es\/?page_id=11"},"modified":"2021-06-22T16:52:35","modified_gmt":"2021-06-22T14:52:35","slug":"service-2","status":"publish","type":"page","link":"https:\/\/silknow.eu\/index.php\/service-2\/","title":{"rendered":"Partners &#038; Stakeholders"},"content":{"rendered":"<p>We are a consortium of nine partners representing cultural heritage, academia, ICT and SME industries, all committed to keep silk heritage alive.<\/p>\n<h2>Partners<\/h2>\n<p><a href=\"https:\/\/www.uv.es\/\" target=\"_blank\" rel=\"noopener noreferrer\"><img decoding=\"async\" class=\"size-full wp-image-291 alignnone\" src=\"http:\/\/silknow.org\/wp-content\/uploads\/2018\/05\/UV_.jpg\" alt=\"Universidad de Valencia\" \/><\/a><a href=\"http:\/\/www.cervantes.es\" target=\"_blank\" rel=\"noopener noreferrer\"><img decoding=\"async\" class=\"size-full wp-image-207 alignnone\" src=\"http:\/\/silknow.org\/wp-content\/uploads\/2018\/05\/instituto_cervantes_.jpg\" alt=\"familias\" \/><\/a><a href=\"https:\/\/ijs.si\/ijsw\" target=\"_blank\" rel=\"noopener noreferrer\"><img decoding=\"async\" class=\"size-full wp-image-284 alignnone\" src=\"http:\/\/silknow.org\/wp-content\/uploads\/2018\/05\/luh_logo_.jpg\" alt=\"Institutu Jo\u017eef Stefan\" \/><\/a><a href=\"http:\/\/www.cnrs.fr\/index.html\" target=\"_blank\" rel=\"noopener noreferrer\"><img decoding=\"async\" class=\"size-full wp-image-218 alignnone\" src=\"http:\/\/silknow.org\/wp-content\/uploads\/2018\/05\/CNRS_.jpg\" alt=\"CNRS\" \/><\/a><a href=\"http:\/\/garin1820.com\/\" target=\"_blank\" rel=\"noopener noreferrer\"><img decoding=\"async\" class=\"size-full wp-image-283 alignnone\" src=\"http:\/\/silknow.org\/wp-content\/uploads\/2018\/05\/Logotip-Garin_.jpg\" alt=\"Gar\u00edn 1820\" \/><\/a><a href=\"http:\/\/www.monkeyfab.com\/\" target=\"_blank\" rel=\"noopener noreferrer\"><img decoding=\"async\" class=\"size-full wp-image-286 alignnone\" src=\"http:\/\/silknow.org\/wp-content\/uploads\/2018\/05\/MF_glowa_gora_.jpg\" alt=\"Monkeyfab\" \/><\/a><a href=\"http:\/\/www.unipa.it\/\" target=\"_blank\" rel=\"noopener noreferrer\"><img decoding=\"async\" class=\"size-full wp-image-289 alignnone\" src=\"http:\/\/silknow.org\/wp-content\/uploads\/2018\/05\/Unipa_palermo_.jpg\" alt=\"Unipa Palermo\" \/><\/a><a href=\"https:\/\/www.ijs.si\/ijsw\/JSI\" target=\"_blank\" rel=\"noopener noreferrer\"><img loading=\"lazy\" decoding=\"async\" width=\"190\" height=\"119\" class=\"size-full wp-image-278 alignnone\" src=\"http:\/\/silknow.org\/wp-content\/uploads\/2018\/05\/ijse-1.jpg\" alt=\"Unipa Palermo\" \/><\/a><a href=\"http:\/\/www.eurecom.fr\/en\" target=\"_blank\" rel=\"noopener noreferrer\"><img loading=\"lazy\" decoding=\"async\" width=\"190\" height=\"119\" class=\"size-full wp-image-277 alignnone\" src=\"http:\/\/silknow.org\/wp-content\/uploads\/2018\/05\/EURECOM_logo_quadri_-1.jpg\" alt=\"Eurecom\" \/><\/a><\/p>\n<h2><\/h2>\n<h2>External Expert Advisory Board Members<\/h2>\n<ul>\n<li>Pilar Benito. Conservator, Patrimonio Nacional. Spain.<\/li>\n<li>Ana Cabrera.\u00a0 Conservator, Museo del Traje. Spain.<\/li>\n<li>Oscar Corcho. Professor, Universidad Polit\u00e9cnica de Madrid (UPM). Spain.<\/li>\n<li>Pierre Gu\u00e9rin. Generalitat Valenciana. Spain.<\/li>\n<li>Peter Haase. CEO,\u00a0 Metaphacts GmbH. Germany<\/li>\n<li>Antoine Isaac. Research and Development Manager. Europeana Foundation<\/li>\n<li>Marie-V\u00e9ronique Leroi. Charg\u00e9e de mission Web s\u00e9mantique, Ministry of Culture and Communication. France.<\/li>\n<li>Barry Norton. Research Director, Milestone Systems. Danemark.<\/li>\n<li>Marco Rendina. Director of the European Fashion Heritage Association<\/li>\n<li>S\u00edlvia Saladrigas. Documentalist, CDMT Terrassa. Spain.<\/li>\n<\/ul>\n<h2>Stakeholders<\/h2>\n<ul>\n<li><a href=\"https:\/\/cdmt.cat\/\" target=\"_blank\" rel=\"noopener\">Museu T\u00e8xtil, Terrassa<\/a> (Spain)<\/li>\n<li><a href=\"http:\/\/www.easdvalencia.com\/\" target=\"_blank\" rel=\"noopener noreferrer\">Escola d&#8217;Art i Superior de Disseny de Val\u00e8ncia<\/a> (Spain)<\/li>\n<li><a href=\"https:\/\/www.moncada.es\/\" target=\"_blank\" rel=\"noopener\">Ajuntament de Moncada<\/a> (Spain)<\/li>\n<li><a href=\"https:\/\/www.monuments-nationaux.fr\/es\/\" target=\"_blank\" rel=\"noopener noreferrer\">Centre des Monuments Nationaux<\/a> (France).<\/li>\n<li><a href=\"https:\/\/www.unwto.org\/\" target=\"_blank\" rel=\"noopener noreferrer\">World Tourism Organization<\/a>, United Nations (UNWTO).<\/li>\n<li><a href=\"https:\/\/www.patrimonionacional.es\/colecciones-reales\" target=\"_blank\" rel=\"noopener noreferrer\">Patrimonio Nacional. Direcci\u00f3n de las Colecciones Reales<\/a> (Spain).<\/li>\n<li><a href=\"https:\/\/royalarmouries.org\/about-us\/governance\/\" target=\"_blank\" rel=\"noopener noreferrer\">Department of Collections and Digital Resources. The Royal Armoury<\/a> (Sweden).<\/li>\n<li><a href=\"https:\/\/www.vam.ac.uk\/\" target=\"_blank\" rel=\"noopener noreferrer\">Victoria and Albert Museum<\/a> (UK).<\/li>\n<li><a href=\"https:\/\/www.getty.edu\/research\/\" target=\"_blank\" rel=\"noopener noreferrer\">The Getty Research Institute<\/a> (USA).<\/li>\n<li><a href=\"http:\/\/www.turisme.gva.es\/opencms\/opencms\/turisme\/es\/index.jsp\" target=\"_blank\" rel=\"noopener noreferrer\">Ag\u00e8ncia Valenciana del Turisme<\/a> (Spain).<\/li>\n<li><a href=\"http:\/\/www.culturaydeporte.gob.es\/mnceramica\/home.html\" target=\"_blank\" rel=\"noopener noreferrer\">Museo Nacional de Cer\u00e1mica y de las Artes Suntuarias \u201cGonz\u00e1lez Mart\u00ed\u201d<\/a> (Spain).<\/li>\n<li><a href=\"https:\/\/www.museodelasedavalencia.com\/\" target=\"_blank\" rel=\"noopener noreferrer\">Colegio \/ Museo del Arte Mayor de la Seda<\/a> (Spain).<\/li>\n<li><a href=\"http:\/\/www.culturaydeporte.gob.es\/mtraje\/inicio.html\" target=\"_blank\" rel=\"noopener noreferrer\">Museo del Traje<\/a>, Madrid (Spain).<\/li>\n<li><a href=\"http:\/\/www.museobellasartesvalencia.gva.es\/va\/\" target=\"_blank\" rel=\"noopener noreferrer\">Museu de Belles Arts de Val\u00e8ncia<\/a> (Spain).<\/li>\n<li><a href=\"http:\/\/www.anagrafebbcc.chiesacattolica.it\/anagraficaCEIBib\/public\/VisualizzaScheda.do?codice_cei=CEI661M00001\" target=\"_blank\" rel=\"noopener noreferrer\">Museo Diocesano di Palermo, Congregazione S. Eligio.<\/a> (Italy).<\/li>\n<li><a href=\"http:\/\/www.amei.biz\/musei\/museo-diocesano-basilica-san-sebastiano-di-acireal\" target=\"_blank\" rel=\"noopener noreferrer\">Museo Basilica San Sebastiano Acireale<\/a> (Italy).<\/li>\n<li><a href=\"http:\/\/www.museodiocesanomazara.it\/\" target=\"_blank\" rel=\"noopener noreferrer\">Museo Diocesano Mazara del Vallo<\/a> (Italy).<\/li>\n<li><a href=\"https:\/\/museodiocesanocatania.com\/\" target=\"_blank\" rel=\"noopener noreferrer\">Museo Diocesano di Catania<\/a> (Italy).<\/li>\n<li><a href=\"http:\/\/panormus.es\/Palermo\/Monreale\/Museo-Diocesano-de-Monreale.html\" target=\"_blank\" rel=\"noopener noreferrer\">Museo Diocesano di Monreale<\/a> (Italy).<\/li>\n<li><a href=\"http:\/\/www.amei.biz\/musei\/museo-diocesano-del-seminario-vescovile-mons-g-spe\" target=\"_blank\" rel=\"noopener noreferrer\">Museo Diocesano del Seminario Vescovile \u201cG. Speciale\u201d<\/a> (Italy).<\/li>\n<li>Museo Diocesano Caltagirone (Italy).<\/li>\n<\/ul>\n","protected":false},"excerpt":{"rendered":"<p>We are a consortium of nine partners representing cultural heritage, academia, ICT and SME industries, all committed to keep silk heritage alive. Partners External Expert Advisory Board Members Pilar Benito. Conservator, Patrimonio Nacional. Spain. Ana Cabrera.\u00a0 Conservator, Museo del Traje. Spain. Oscar Corcho. Professor, Universidad Polit\u00e9cnica de Madrid (UPM). Spain. Pierre Gu\u00e9rin. Generalitat Valenciana. Spain.&hellip;<\/p>\n<p><a class=\"more-link\" href=\"https:\/\/silknow.eu\/index.php\/service-2\/\" title=\"Continue reading &lsquo;Partners &#038; Stakeholders&rsquo;\">Continue reading <span class=\"meta-nav\">&rarr;<\/span><\/a><\/p>\n","protected":false},"author":2,"featured_media":0,"parent":0,"menu_order":0,"comment_status":"closed","ping_status":"closed","template":"page-templates\/full-width.php","meta":{"footnotes":""},"class_list":["post-11","page","type-page","status-publish","hentry"],"_links":{"self":[{"href":"https:\/\/silknow.eu\/index.php\/wp-json\/wp\/v2\/pages\/11","targetHints":{"allow":["GET"]}}],"collection":[{"href":"https:\/\/silknow.eu\/index.php\/wp-json\/wp\/v2\/pages"}],"about":[{"href":"https:\/\/silknow.eu\/index.php\/wp-json\/wp\/v2\/types\/page"}],"author":[{"embeddable":true,"href":"https:\/\/silknow.eu\/index.php\/wp-json\/wp\/v2\/users\/2"}],"replies":[{"embeddable":true,"href":"https:\/\/silknow.eu\/index.php\/wp-json\/wp\/v2\/comments?post=11"}],"version-history":[{"count":52,"href":"https:\/\/silknow.eu\/index.php\/wp-json\/wp\/v2\/pages\/11\/revisions"}],"predecessor-version":[{"id":1865,"href":"https:\/\/silknow.eu\/index.php\/wp-json\/wp\/v2\/pages\/11\/revisions\/1865"}],"wp:attachment":[{"href":"https:\/\/silknow.eu\/index.php\/wp-json\/wp\/v2\/media?parent=11"}],"curies":[{"name":"wp","href":"https:\/\/api.w.org\/{rel}","templated":true}]}}